{"id":15425,"date":"2015-11-13T11:31:33","date_gmt":"2015-11-13T11:31:33","guid":{"rendered":"https:\/\/www.german-online-training.com\/kontakt\/"},"modified":"2018-04-18T00:01:58","modified_gmt":"2018-04-17T22:01:58","slug":"kontakt","status":"publish","type":"page","link":"https:\/\/www.german-online-training.com\/sr\/kontakt\/","title":{"rendered":"Kontaktirajte na\u0161 tim"},"content":{"rendered":"<div class=\"wpb-content-wrapper\"><p>[vc_row full_width=&#8221;stretch_row&#8221; bg_type=&#8221;image&#8221; parallax_style=&#8221;vcpb-vz-jquery&#8221; parallax_sense=&#8221;30&#8243; bg_override=&#8221;ex-full&#8221; seperator_enable=&#8221;off&#8221; row_id=&#8221;events&#8221; is_container=&#8221;1&#8243; css=&#8221;.vc_custom_1455020836070{margin-top: 70px !important;margin-bottom: 0px !important;}&#8221;][vc_column width=&#8221;1\/4&#8243; css=&#8221;.vc_custom_1452679369430{padding-top: 0px !important;}&#8221;]<div class=\"aio-icon-component    style_1\"><div id=\"Info-box-wrap-4814\" class=\"aio-icon-box left-icon\" style=\"\"  ><div class=\"aio-icon-left\"><div class=\"ult-just-icon-wrapper  \"><div class=\"align-icon\" style=\"text-align:center;\">\n<div class=\"aio-icon circle \" data-animation=\"bounceInLeft\" data-animation-delay=\"03\" style=\"color:#ffffff;background:#ffcd02;font-size:45px;display:inline-block;\">\n\t<i class=\"linear-map-marker\"><\/i>\n<\/div><\/div><\/div><\/div><div class=\"aio-ibd-block\"><div class=\"aio-icon-header\" ><h3 class=\"aio-icon-title ult-responsive\"  data-ultimate-target='#Info-box-wrap-4814 .aio-icon-title'  data-responsive-json-new='{\"font-size\":\"desktop:18px;\",\"line-height\":\"desktop:27px;\"}'  style=\"font-family:&#039;Raleway&#039;;font-weight:bold;color:#333333;\">\u0410\u0434\u0440\u0435\u0441\u0430<\/h3><\/div> <!-- header --><div class=\"aio-icon-description ult-responsive\"  data-ultimate-target='#Info-box-wrap-4814 .aio-icon-description'  data-responsive-json-new='{\"font-size\":\"desktop:14px;\",\"line-height\":\"desktop:22px;\"}'  style=\"font-family:&#039;Raleway&#039;;color:#717070;\">Untere Hauptstr. 33, 85354 Freising, Germany<\/div> <!-- description --><\/div> <!-- aio-ibd-block --><\/div> <!-- aio-icon-box --><\/div> <!-- aio-icon-component -->[\/vc_column][vc_column width=&#8221;1\/4&#8243; css=&#8221;.vc_custom_1452679343109{padding-top: 0px !important;}&#8221;]<div class=\"aio-icon-component    style_1\"><div id=\"Info-box-wrap-3359\" class=\"aio-icon-box left-icon\" style=\"\"  ><div class=\"aio-icon-left\"><div class=\"ult-just-icon-wrapper  \"><div class=\"align-icon\" style=\"text-align:center;\">\n<div class=\"aio-icon circle \" data-animation=\"bounceInLeft\" data-animation-delay=\"03\" style=\"color:#ffffff;background:#ffcd02;font-size:45px;display:inline-block;\">\n\t<i class=\"linear-phone-handset\"><\/i>\n<\/div><\/div><\/div><\/div><div class=\"aio-ibd-block\"><div class=\"aio-icon-header\" ><h3 class=\"aio-icon-title ult-responsive\"  data-ultimate-target='#Info-box-wrap-3359 .aio-icon-title'  data-responsive-json-new='{\"font-size\":\"desktop:18px;\",\"line-height\":\"desktop:27px;\"}'  style=\"font-family:&#039;Raleway&#039;;font-weight:bold;color:#333333;\">\u0422\u0435\u043b\u0435\u0444\u043e\u043d<\/h3><\/div> <!-- header --><div class=\"aio-icon-description ult-responsive\"  data-ultimate-target='#Info-box-wrap-3359 .aio-icon-description'  data-responsive-json-new='{\"font-size\":\"desktop:14px;\",\"line-height\":\"desktop:22px;\"}'  style=\"font-family:&#039;Raleway&#039;;color:#717070;\">+49 8161 5373 001<\/div> <!-- description --><\/div> <!-- aio-ibd-block --><\/div> <!-- aio-icon-box --><\/div> <!-- aio-icon-component -->[\/vc_column][vc_column width=&#8221;1\/4&#8243; css=&#8221;.vc_custom_1452679374327{margin-bottom: 0px !important;padding-top: 0px !important;}&#8221;]<div class=\"aio-icon-component    style_1\"><div id=\"Info-box-wrap-5526\" class=\"aio-icon-box left-icon\" style=\"\"  ><div class=\"aio-icon-left\"><div class=\"ult-just-icon-wrapper  \"><div class=\"align-icon\" style=\"text-align:center;\">\n<div class=\"aio-icon circle \" data-animation=\"bounceInLeft\" data-animation-delay=\"03\" style=\"color:#ffffff;background:#ffcd02;font-size:45px;display:inline-block;\">\n\t<i class=\"Defaults-whatsapp\"><\/i>\n<\/div><\/div><\/div><\/div><div class=\"aio-ibd-block\"><div class=\"aio-icon-header\" ><h3 class=\"aio-icon-title ult-responsive\"  data-ultimate-target='#Info-box-wrap-5526 .aio-icon-title'  data-responsive-json-new='{\"font-size\":\"desktop:18px;\",\"line-height\":\"desktop:27px;\"}'  style=\"font-family:&#039;Raleway&#039;;font-weight:bold;color:#333333;\">Whatsapp<\/h3><\/div> <!-- header --><div class=\"aio-icon-description ult-responsive\"  data-ultimate-target='#Info-box-wrap-5526 .aio-icon-description'  data-responsive-json-new='{\"font-size\":\"desktop:14px;\",\"line-height\":\"desktop:22px;\"}'  style=\"font-family:&#039;Raleway&#039;;color:#717070;\">+49 1525 160 03 02<\/div> <!-- description --><\/div> <!-- aio-ibd-block --><\/div> <!-- aio-icon-box --><\/div> <!-- aio-icon-component -->[\/vc_column][vc_column width=&#8221;1\/4&#8243;]<div class=\"aio-icon-component    style_1\"><div id=\"Info-box-wrap-1983\" class=\"aio-icon-box left-icon\" style=\"\"  ><div class=\"aio-icon-left\"><div class=\"ult-just-icon-wrapper  \"><div class=\"align-icon\" style=\"text-align:center;\">\n<div class=\"aio-icon circle \" data-animation=\"bounceInLeft\" data-animation-delay=\"03\" style=\"color:#ffffff;background:#ffcd02;font-size:45px;display:inline-block;\">\n\t<i class=\"linear-envelope\"><\/i>\n<\/div><\/div><\/div><\/div><div class=\"aio-ibd-block\"><div class=\"aio-icon-header\" ><h3 class=\"aio-icon-title ult-responsive\"  data-ultimate-target='#Info-box-wrap-1983 .aio-icon-title'  data-responsive-json-new='{\"font-size\":\"desktop:18px;\",\"line-height\":\"desktop:27px;\"}'  style=\"font-family:&#039;Raleway&#039;;font-weight:bold;color:#333333;\">Mail<\/h3><\/div> <!-- header --><div class=\"aio-icon-description ult-responsive\"  data-ultimate-target='#Info-box-wrap-1983 .aio-icon-description'  data-responsive-json-new='{\"font-size\":\"desktop:14px;\",\"line-height\":\"desktop:22px;\"}'  style=\"font-family:&#039;Raleway&#039;;color:#717070;\"><a href=\"mailto:german-online-training.com\">info@german-online-training.com<\/a><\/div> <!-- description --><\/div> <!-- aio-ibd-block --><\/div> <!-- aio-icon-box --><\/div> <!-- aio-icon-component -->[\/vc_column][\/vc_row][vc_row is_container=&#8221;1&#8243; css=&#8221;.vc_custom_1455021941314{margin-top: 60px !important;padding-top: 0px !important;}&#8221;][vc_column css=&#8221;.vc_custom_1455188391350{margin-bottom: 0px !important;}&#8221;]<div id=\"ultimate-heading-354169e1693961342\" class=\"uvc-heading ult-adjust-bottom-margin ultimate-heading-354169e1693961342 uvc-2849 \" data-hspacer=\"no_spacer\"  data-halign=\"center\" style=\"text-align:center\"><div class=\"uvc-heading-spacer no_spacer\" style=\"top\"><\/div><div class=\"uvc-main-heading ult-responsive\"  data-ultimate-target='.uvc-heading.ultimate-heading-354169e1693961342 h2'  data-responsive-json-new='{\"font-size\":\"desktop:26px;\",\"line-height\":\"desktop:45px;\"}' ><h2 style=\"font-family:&#039;Raleway&#039;;font-weight:bold;color:#333333;margin-bottom:20px;\">\u041a\u043e\u043d\u0442\u0430\u043a\u0442\u0438\u0440\u0430\u0458\u0442\u0435 \u043d\u0430\u0441 \u043e\u0434\u043c\u0430\u0445<\/h2><\/div><\/div>[vc_separator el_class=&#8221;lin-vc-separator&#8221;][\/vc_column][\/vc_row][vc_row css=&#8221;.vc_custom_1452243168756{margin-top: 10px !important;margin-bottom: 15px !important;}&#8221;][vc_column width=&#8221;1\/3&#8243; css=&#8221;.vc_custom_1452242779418{padding-top: 0px !important;}&#8221;]<div id=\"ultimate-heading-712769e1693961395\" class=\"uvc-heading ult-adjust-bottom-margin ultimate-heading-712769e1693961395 uvc-1893 \" data-hspacer=\"no_spacer\"  data-halign=\"left\" style=\"text-align:left\"><div class=\"uvc-heading-spacer no_spacer\" style=\"top\"><\/div><div class=\"uvc-main-heading ult-responsive\"  data-ultimate-target='.uvc-heading.ultimate-heading-712769e1693961395 h2'  data-responsive-json-new='{\"font-size\":\"desktop:18px;\",\"line-height\":\"desktop:26px;\"}' ><h2 style=\"font-family:&#039;Raleway&#039;;font-weight:bold;color:#333333;margin-bottom:15px;\">Social-Networking<\/h2><\/div><\/div>[vc_column_text el_class=&#8221;social&#8221;]<span class=\"scp-icon scp-icon-background pull-left scp_icon-9d0470352f966ae419496ecb91d6d47c\"><a href=\"#\" target=\"_blank\"><i class=\"fa fa-twitter\"><\/i><\/a><\/span><span class=\"scp-icon scp-icon-background pull-left scp_icon-53f8ab09ff00dc1234defb34220b322f\"><a href=\"#\" target=\"_blank\"><i class=\"fa fa-facebook\"><\/i><\/a><\/span><span class=\"scp-icon scp-icon-background pull-left scp_icon-58f25db890d2f211026f04ff17646ed8\"><a href=\"#\" target=\"_blank\"><i class=\"fa fa-linkedin\"><\/i><\/a><\/span>[\/vc_column_text][\/vc_column][vc_column width=&#8221;2\/3&#8243; css=&#8221;.vc_custom_1455007860230{margin-bottom: 0px !important;padding-right: 0px !important;padding-left: 0px !important;}&#8221;]<p class=\"wpcf7-contact-form-not-found\"><strong>\u0413\u0440\u0435\u0448\u043a\u0430:<\/strong> \u041e\u0431\u0440\u0430\u0437\u0430\u0446 \u0437\u0430 \u043a\u043e\u043d\u0442\u0430\u043a\u0442 \u043d\u0438\u0458\u0435 \u043f\u0440\u043e\u043d\u0430\u0452\u0435\u043d\u0430.<\/p>[\/vc_column][\/vc_row][vc_row css=&#8221;.vc_custom_1498826168898{margin-top: 40px !important;}&#8221;][vc_column][vc_separator el_class=&#8221;lin-vc-separator&#8221;][vc_gmaps link=&#8221;#E-8_JTNDaWZyYW1lJTIwc3JjJTNEJTIyaHR0cHMlM0ElMkYlMkZ3d3cuZ29vZ2xlLmNvbSUyRm1hcHMlMkZlbWJlZCUzRnBiJTNEJTIxMW0xOCUyMTFtMTIlMjExbTMlMjExZDI2NDguODYyMzg1NjcxNjgyJTIxMmQxMS43NDUzNDQwMTU5MTgwMDIlMjEzZDQ4LjQwMTU4NTg0MDcxNDYyJTIxMm0zJTIxMWYwJTIxMmYwJTIxM2YwJTIxM20yJTIxMWkxMDI0JTIxMmk3NjglMjE0ZjEzLjElMjEzbTMlMjExbTIlMjExczB4NDc5ZTZhZDhmOWIxZTY1MyUyNTNBMHg1OGU3NzM5ZmIzNGMxMzIwJTIxMnNVbnRlcmUlMkJIYXVwdHN0cmElMjVDMyUyNTlGZSUyQjMzJTI1MkMlMkI4NTM1NCUyQkZyZWlzaW5nJTIxNWUwJTIxM20yJTIxMXNkZSUyMTJzZGUlMjE0djE1MTE3OTQ4MjA2MzMlMjIlMjB3aWR0aCUzRCUyMjYwMCUyMiUyMGhlaWdodCUzRCUyMjQ1MCUyMiUyMGZyYW1lYm9yZGVyJTNEJTIyMCUyMiUyMHN0eWxlJTNEJTIyYm9yZGVyJTNBMCUyMiUyMGFsbG93ZnVsbHNjcmVlbiUzRSUzQyUyRmlmcmFtZSUzRQ==&#8221;][\/vc_column][\/vc_row]<\/p>\n<\/div>","protected":false},"excerpt":{"rendered":"<p>[vc_row full_width=&#8221;stretch_row&#8221; bg_type=&#8221;image&#8221; parallax_style=&#8221;vcpb-vz-jquery&#8221; parallax_sense=&#8221;30&#8243; bg_override=&#8221;ex-full&#8221; seperator_enable=&#8221;off&#8221; row_id=&#8221;events&#8221; is_container=&#8221;1&#8243; css=&#8221;.vc_custom_1455020836070{margin-top: 70px !important;margin-bottom: 0px !important;}&#8221;][vc_column width=&#8221;1\/4&#8243; css=&#8221;.vc_custom_1452679369430{padding-top: 0px !important;}&#8221;][\/vc_column][vc_column width=&#8221;1\/4&#8243; css=&#8221;.vc_custom_1452679343109{padding-top: 0px !important;}&#8221;][\/vc_column][vc_column width=&#8221;1\/4&#8243; css=&#8221;.vc_custom_1452679374327{margin-bottom: 0px !important;padding-top: 0px !important;}&#8221;][\/vc_column][vc_column width=&#8221;1\/4&#8243;][\/vc_column][\/vc_row][vc_row is_container=&#8221;1&#8243;&nbsp;<a href=\"https:\/\/www.german-online-training.com\/sr\/kontakt\/\">[&hellip;]<\/a><\/p>\n","protected":false},"author":1,"featured_media":0,"parent":0,"menu_order":0,"comment_status":"closed","ping_status":"closed","template":"template-fullwidth.php","meta":{"footnotes":""},"class_list":["post-15425","page","type-page","status-publish","hentry"],"yoast_head":"<!-- This site is optimized with the Yoast SEO plugin v27.1.1 - https:\/\/yoast.com\/product\/yoast-seo-wordpress\/ -->\n<title>Kontakt - \u0160kola jezika Aktivna onlajn trening. Kontaktirajte nas!<\/title>\n<meta name=\"description\" content=\"Kontaktirajte \u0161kolu jezika Aktivna onlajn obuka - Kontaktirajte nas. Lokacija, radno vreme, lokacije i kontakt. U\u010denje nema\u010dkog jezika online \u2013 Online kursevi nema\u010dkog jezika .\" \/>\n<meta name=\"robots\" content=\"index, follow, max-snippet:-1, max-image-preview:large, max-video-preview:-1\" \/>\n<link rel=\"canonical\" href=\"https:\/\/www.german-online-training.com\/sr\/kontakt\/\" \/>\n<meta property=\"og:locale\" content=\"sr_RS\" \/>\n<meta property=\"og:type\" content=\"article\" \/>\n<meta property=\"og:title\" content=\"Kontakt - \u0160kola jezika Aktivna onlajn trening. Kontaktirajte nas!\" \/>\n<meta property=\"og:description\" content=\"Kontaktirajte \u0161kolu jezika Aktivna onlajn obuka - Kontaktirajte nas. Lokacija, radno vreme, lokacije i kontakt. U\u010denje nema\u010dkog jezika online \u2013 Online kursevi nema\u010dkog jezika .\" \/>\n<meta property=\"og:url\" content=\"https:\/\/www.german-online-training.com\/sr\/kontakt\/\" \/>\n<meta property=\"og:site_name\" content=\"German Online Training\" \/>\n<meta property=\"article:publisher\" content=\"https:\/\/www.facebook.com\/sprachschuleaktivonlinetraining\/\" \/>\n<meta property=\"article:modified_time\" content=\"2018-04-17T22:01:58+00:00\" \/>\n<meta name=\"twitter:card\" content=\"summary_large_image\" \/>\n<meta name=\"twitter:site\" content=\"@Germanonlinetra\" \/>\n<meta name=\"twitter:label1\" content=\"\u041f\u0440\u043e\u0446\u0435\u045a\u0435\u043d\u043e \u0432\u0440\u0435\u043c\u0435 \u0447\u0438\u0442\u0430\u045a\u0430\" \/>\n\t<meta name=\"twitter:data1\" content=\"4 \u043c\u0438\u043d\u0443\u0442\u0430\" \/>\n<script type=\"application\/ld+json\" class=\"yoast-schema-graph\">{\"@context\":\"https:\/\/schema.org\",\"@graph\":[{\"@type\":\"WebPage\",\"@id\":\"https:\/\/www.german-online-training.com\/sr\/kontakt\/\",\"url\":\"https:\/\/www.german-online-training.com\/sr\/kontakt\/\",\"name\":\"Kontakt - \u0160kola jezika Aktivna onlajn trening. Kontaktirajte nas!\",\"isPartOf\":{\"@id\":\"https:\/\/www.german-online-training.com\/#website\"},\"datePublished\":\"2015-11-13T11:31:33+00:00\",\"dateModified\":\"2018-04-17T22:01:58+00:00\",\"description\":\"Kontaktirajte \u0161kolu jezika Aktivna onlajn obuka - Kontaktirajte nas. Lokacija, radno vreme, lokacije i kontakt. U\u010denje nema\u010dkog jezika online \u2013 Online kursevi nema\u010dkog jezika .\",\"breadcrumb\":{\"@id\":\"https:\/\/www.german-online-training.com\/sr\/kontakt\/#breadcrumb\"},\"inLanguage\":\"sr-RS\",\"potentialAction\":[{\"@type\":\"ReadAction\",\"target\":[\"https:\/\/www.german-online-training.com\/sr\/kontakt\/\"]}]},{\"@type\":\"BreadcrumbList\",\"@id\":\"https:\/\/www.german-online-training.com\/sr\/kontakt\/#breadcrumb\",\"itemListElement\":[{\"@type\":\"ListItem\",\"position\":1,\"name\":\"Home\",\"item\":\"https:\/\/www.german-online-training.com\/sr\/\"},{\"@type\":\"ListItem\",\"position\":2,\"name\":\"Kontaktirajte na\u0161 tim\"}]},{\"@type\":\"WebSite\",\"@id\":\"https:\/\/www.german-online-training.com\/#website\",\"url\":\"https:\/\/www.german-online-training.com\/\",\"name\":\"German Online Training\",\"description\":\"Eine weitere WordPress-Website\",\"potentialAction\":[{\"@type\":\"SearchAction\",\"target\":{\"@type\":\"EntryPoint\",\"urlTemplate\":\"https:\/\/www.german-online-training.com\/?s={search_term_string}\"},\"query-input\":{\"@type\":\"PropertyValueSpecification\",\"valueRequired\":true,\"valueName\":\"search_term_string\"}}],\"inLanguage\":\"sr-RS\"}]}<\/script>\n<!-- \/ Yoast SEO plugin. -->","yoast_head_json":{"title":"Kontakt - \u0160kola jezika Aktivna onlajn trening. Kontaktirajte nas!","description":"Kontaktirajte \u0161kolu jezika Aktivna onlajn obuka - Kontaktirajte nas. Lokacija, radno vreme, lokacije i kontakt. U\u010denje nema\u010dkog jezika online \u2013 Online kursevi nema\u010dkog jezika .","robots":{"index":"index","follow":"follow","max-snippet":"max-snippet:-1","max-image-preview":"max-image-preview:large","max-video-preview":"max-video-preview:-1"},"canonical":"https:\/\/www.german-online-training.com\/sr\/kontakt\/","og_locale":"sr_RS","og_type":"article","og_title":"Kontakt - \u0160kola jezika Aktivna onlajn trening. Kontaktirajte nas!","og_description":"Kontaktirajte \u0161kolu jezika Aktivna onlajn obuka - Kontaktirajte nas. Lokacija, radno vreme, lokacije i kontakt. U\u010denje nema\u010dkog jezika online \u2013 Online kursevi nema\u010dkog jezika .","og_url":"https:\/\/www.german-online-training.com\/sr\/kontakt\/","og_site_name":"German Online Training","article_publisher":"https:\/\/www.facebook.com\/sprachschuleaktivonlinetraining\/","article_modified_time":"2018-04-17T22:01:58+00:00","twitter_card":"summary_large_image","twitter_site":"@Germanonlinetra","twitter_misc":{"\u041f\u0440\u043e\u0446\u0435\u045a\u0435\u043d\u043e \u0432\u0440\u0435\u043c\u0435 \u0447\u0438\u0442\u0430\u045a\u0430":"4 \u043c\u0438\u043d\u0443\u0442\u0430"},"schema":{"@context":"https:\/\/schema.org","@graph":[{"@type":"WebPage","@id":"https:\/\/www.german-online-training.com\/sr\/kontakt\/","url":"https:\/\/www.german-online-training.com\/sr\/kontakt\/","name":"Kontakt - \u0160kola jezika Aktivna onlajn trening. Kontaktirajte nas!","isPartOf":{"@id":"https:\/\/www.german-online-training.com\/#website"},"datePublished":"2015-11-13T11:31:33+00:00","dateModified":"2018-04-17T22:01:58+00:00","description":"Kontaktirajte \u0161kolu jezika Aktivna onlajn obuka - Kontaktirajte nas. Lokacija, radno vreme, lokacije i kontakt. U\u010denje nema\u010dkog jezika online \u2013 Online kursevi nema\u010dkog jezika .","breadcrumb":{"@id":"https:\/\/www.german-online-training.com\/sr\/kontakt\/#breadcrumb"},"inLanguage":"sr-RS","potentialAction":[{"@type":"ReadAction","target":["https:\/\/www.german-online-training.com\/sr\/kontakt\/"]}]},{"@type":"BreadcrumbList","@id":"https:\/\/www.german-online-training.com\/sr\/kontakt\/#breadcrumb","itemListElement":[{"@type":"ListItem","position":1,"name":"Home","item":"https:\/\/www.german-online-training.com\/sr\/"},{"@type":"ListItem","position":2,"name":"Kontaktirajte na\u0161 tim"}]},{"@type":"WebSite","@id":"https:\/\/www.german-online-training.com\/#website","url":"https:\/\/www.german-online-training.com\/","name":"German Online Training","description":"Eine weitere WordPress-Website","potentialAction":[{"@type":"SearchAction","target":{"@type":"EntryPoint","urlTemplate":"https:\/\/www.german-online-training.com\/?s={search_term_string}"},"query-input":{"@type":"PropertyValueSpecification","valueRequired":true,"valueName":"search_term_string"}}],"inLanguage":"sr-RS"}]}},"_links":{"self":[{"href":"https:\/\/www.german-online-training.com\/sr\/wp-json\/wp\/v2\/pages\/15425","targetHints":{"allow":["GET"]}}],"collection":[{"href":"https:\/\/www.german-online-training.com\/sr\/wp-json\/wp\/v2\/pages"}],"about":[{"href":"https:\/\/www.german-online-training.com\/sr\/wp-json\/wp\/v2\/types\/page"}],"author":[{"embeddable":true,"href":"https:\/\/www.german-online-training.com\/sr\/wp-json\/wp\/v2\/users\/1"}],"replies":[{"embeddable":true,"href":"https:\/\/www.german-online-training.com\/sr\/wp-json\/wp\/v2\/comments?post=15425"}],"version-history":[{"count":4,"href":"https:\/\/www.german-online-training.com\/sr\/wp-json\/wp\/v2\/pages\/15425\/revisions"}],"predecessor-version":[{"id":15431,"href":"https:\/\/www.german-online-training.com\/sr\/wp-json\/wp\/v2\/pages\/15425\/revisions\/15431"}],"wp:attachment":[{"href":"https:\/\/www.german-online-training.com\/sr\/wp-json\/wp\/v2\/media?parent=15425"}],"curies":[{"name":"wp","href":"https:\/\/api.w.org\/{rel}","templated":true}]}}